{"id":191,"date":"2023-12-08T21:34:21","date_gmt":"2023-12-08T21:34:21","guid":{"rendered":"https:\/\/coacelaltar.com\/?page_id=191"},"modified":"2023-12-12T22:19:17","modified_gmt":"2023-12-12T22:19:17","slug":"quienes-somos","status":"publish","type":"page","link":"https:\/\/coacelaltar.com\/index.php\/quienes-somos\/","title":{"rendered":"Quienes Somos"},"content":{"rendered":"\n\n\n\n\n\n\r\n<p style=\"text-align: justify;\"><span style=\"font-family: Arial; font-size: medium; color: #ffffff;\">Somos una organizaci\u00f3n jur\u00eddica que se encuentra legalmente constituida en el pa\u00eds, la Cooperativa de Ahorro y Cr\u00e9dito &#8220;El Altar&#8221; Ltda., se encuentra domiciliada en el cant\u00f3n Riobamba, provincia de Chimborazo, Rep\u00fablica del Ecuador; aprobada mediante Acuerdo Ministerial N\u00b0 0090-DPMIESCH-PC, del 25 de marzo del 2011, nuestra entidad realiza actividades de intermediaci\u00f3n financiera y de responsabilidad social con sus socios y previa autorizaci\u00f3n de la Superintendencia de Econom\u00eda Popular y Solidaria con socios y\/o terceros con sujeci\u00f3n a las regulaciones y a los principios reconocidos en la Ley Org\u00e1nica de la Econom\u00eda Popular y Solidaria y del Sector Financiero Popular y Solidario, a su Reglamento General, a las Resoluciones de la Superintendencia de Econom\u00eda Popular y Solidaria y del ente regulador.<\/span><\/p>\r\n<p>&nbsp;<\/p>\r\n\n\n\n\n\n<p class=\"p-dps2251 pagelayer-row pagelayer-row-stretch-auto pagelayer-height-default\" style=\"font-family: Raleway, Helvetica, Arial; font-size: 14px; font-style: normal; font-weight: 300; width: 1080px;\"><span style=\"font-family: 'PT Sans', Helvetica, Arial; font-size: 24px;\"><span style=\"font-family: &quot;PT Sans&quot;, Helvetica, Arial; font-size: 24px; color: rgb(255, 255, 255);\">Visi\u00f3n<\/span><\/span><\/p><span style=\"color:#ffffff;\"><p class=\"p-dps2251 pagelayer-row pagelayer-row-stretch-auto pagelayer-height-default\" style=\"font-family: Raleway, Helvetica, Arial; font-size: 14px; font-style: normal; font-weight: 300; width: 1080px;\"><span style=\"font-family: 'PT Sans', Helvetica, Arial; font-size: 24px;\"><br><\/span><\/p>\n<p style=\"border: 0px; font-family: inherit; font-size: 14px; font-style: inherit; font-weight: inherit; margin: 0px; outline: 0px; padding: 0px; vertical-align: baseline; overflow-wrap: break-word;\"><span style=\"border: 0px; font-family: Arial; font-size: medium; font-style: inherit; font-weight: inherit; margin: 0px; outline: 0px; padding: 0px; vertical-align: baseline; overflow-wrap: break-word; line-height: 1;\">Consolidar el liderazgo, expandiendo nuestros servicios de ahorro y cr\u00e9dito en la regi\u00f3n central, para situarnos como una soluci\u00f3n eficaz a las necesidades financieras de los socios.<\/span><\/p><\/span><p style=\"border: 0px; font-family: inherit; font-size: 14px; font-style: inherit; font-weight: inherit; margin: 0px; outline: 0px; padding: 0px; vertical-align: baseline; overflow-wrap: break-word;\"><span style=\"border: 0px; font-family: Arial; font-size: medium; font-style: inherit; font-weight: inherit; margin: 0px; outline: 0px; padding: 0px; vertical-align: baseline; overflow-wrap: break-word; line-height: 1;\"><\/span><\/p>\n<p style=\"border: 0px; font-family: inherit; font-size: 14px; font-style: inherit; font-weight: inherit; margin: 0px; outline: 0px; padding: 0px; vertical-align: baseline; overflow-wrap: break-word;\">&nbsp;<\/p>\n\n\n\n\n\n\n\n<p class=\"p-dps2251 pagelayer-row pagelayer-row-stretch-auto pagelayer-height-default\" style=\"font-family: Raleway, Helvetica, Arial; font-size: 14px; font-style: normal; font-weight: 300; width: 1080px;\"><span style=\"font-family: 'PT Sans', Helvetica, Arial; font-size: 24px;\"><\/span><\/p><span style=\"color:#ffffff;\"><p class=\"p-dps2251 pagelayer-row pagelayer-row-stretch-auto pagelayer-height-default\" style=\"font-family: Raleway, Helvetica, Arial; font-size: 14px; font-style: normal; font-weight: 300; width: 1080px;\"><span style=\"font-family: 'PT Sans', Helvetica, Arial; font-size: 24px;\">Misi\u00f3n<\/span><\/p>\n<p class=\"p-yar8665 pagelayer-text\" style=\"font-size: 14px;\">&nbsp;<\/p>\n<p style=\"font-size: 14px;\"><span style=\"font-family: Arial; font-size: 14px; line-height: 1;\"><span style=\"font-size: medium;\">Somos una cooperativa de Ahorro y Cr\u00e9dito Popular y Solidaria, responsable socialmente con sus socios, que entrega productos y servicios financieros acorde a sus necesidades con agilidad, calidad y calidez de nuestro Talento Humano y Directivos que trabajan en equipo para mejorar la calidad de vida de sus socios y la comunidad.<\/span><\/span><\/p><\/span><p style=\"font-size: 14px;\"><span style=\"font-family: Arial; font-size: 14px; line-height: 1;\"><span style=\"font-size: medium;\"><\/span><\/span><\/p>\n<p class=\"pagelayer-text-holder pagelayer-pen pagelayer-pen-focused\" style=\"font-size: 14px;\" contenteditable=\"true\" pagelayer-editable=\"text\">&nbsp;<\/p>\n\n\n\n\n\n","protected":false},"excerpt":{"rendered":"","protected":false},"author":1,"featured_media":0,"parent":0,"menu_order":0,"comment_status":"closed","ping_status":"closed","template":"","meta":{"footnotes":""},"class_list":["post-191","page","type-page","status-publish","hentry"],"_links":{"self":[{"href":"https:\/\/coacelaltar.com\/index.php\/wp-json\/wp\/v2\/pages\/191","targetHints":{"allow":["GET"]}}],"collection":[{"href":"https:\/\/coacelaltar.com\/index.php\/wp-json\/wp\/v2\/pages"}],"about":[{"href":"https:\/\/coacelaltar.com\/index.php\/wp-json\/wp\/v2\/types\/page"}],"author":[{"embeddable":true,"href":"https:\/\/coacelaltar.com\/index.php\/wp-json\/wp\/v2\/users\/1"}],"replies":[{"embeddable":true,"href":"https:\/\/coacelaltar.com\/index.php\/wp-json\/wp\/v2\/comments?post=191"}],"version-history":[{"count":22,"href":"https:\/\/coacelaltar.com\/index.php\/wp-json\/wp\/v2\/pages\/191\/revisions"}],"predecessor-version":[{"id":327,"href":"https:\/\/coacelaltar.com\/index.php\/wp-json\/wp\/v2\/pages\/191\/revisions\/327"}],"wp:attachment":[{"href":"https:\/\/coacelaltar.com\/index.php\/wp-json\/wp\/v2\/media?parent=191"}],"curies":[{"name":"wp","href":"https:\/\/api.w.org\/{rel}","templated":true}]}}